{"id":69,"date":"2020-01-27T08:05:29","date_gmt":"2020-01-27T08:05:29","guid":{"rendered":"https:\/\/demosites.io\/web-agency-gb\/?page_id=69"},"modified":"2025-09-05T08:17:27","modified_gmt":"2025-09-05T08:17:27","slug":"15c42-web-agency-gb-portfolio","status":"publish","type":"page","link":"https:\/\/praxis-dr-reiser.de\/?page_id=69","title":{"rendered":"Ablauf"},"content":{"rendered":"\n<div class=\"wp-block-cover alignfull\" style=\"min-height:100vh;aspect-ratio:unset;\"><span aria-hidden=\"true\" class=\"wp-block-cover__background has-nv-light-bg-background-color has-background-dim-100 has-background-dim\"><\/span><div class=\"wp-block-cover__inner-container is-layout-flow wp-block-cover-is-layout-flow\">\n<div class=\"wp-block-columns is-layout-flex wp-container-core-columns-is-layout-9d6595d7 wp-block-columns-is-layout-flex\">\n<div class=\"wp-block-column is-layout-flow wp-block-column-is-layout-flow\" style=\"flex-basis:75%\">\n<div class=\"wp-block-group has-neve-text-color-color has-text-color has-link-color wp-elements-82c1362a5bb234d74f401003decd7f26\"><div class=\"wp-block-group__inner-container is-layout-flow wp-block-group-is-layout-flow\">\n<div style=\"height:50px\" aria-hidden=\"true\" class=\"wp-block-spacer\"><\/div>\n\n\n\n<h2 class=\"wp-block-heading\">Ablauf<\/h2>\n\n\n\n<p>\u00dcblicherweise wird nach einem ersten telefonischen oder elektronischen Kontakt zun\u00e4chst ein Termin f\u00fcr ein <strong>unverbindliches Erstgespr\u00e4ch<\/strong> vereinbart. In diesem kl\u00e4ren wir, ob eine Psychotherapie aktuell notwendig und sinnvoll ist, oder ob andere Ma\u00dfnahmen (z.B. der Besuch einer Beratungsstelle oder eine station\u00e4re Behandlung) besser geeignet w\u00e4ren, Ihnen zu helfen. <\/p>\n\n\n\n<p>Danach bietet sich im Rahmen der sog. <strong>probatorischen Sitzungen<\/strong> (bis zu 4&#215;50 min) die M\u00f6glichkeit, Ihrem Anliegen mehr Raum zu geben. Hierbei wird eine vertiefende Diagnostik eine wichtige Rolle spielen, aber auch eine gemeinsame Erarbeitung m\u00f6glicher Therapieziele und eine Festlegung des erforderlichen Therapieumfangs. Zudem haben Sie als Patient hier die Gelegenheit, mich und meine Arbeitsweise kennenzulernen und zu entscheiden, ob die \u201eChemie\u201c stimmt.<\/p>\n\n\n\n<p>Sollten wir nach der probatorischen Phase gemeinsam entscheiden, dass wir zusammen arbeiten wollen, geht es in einem n\u00e4chsten Schritt um die Formalit\u00e4ten. Diese variieren von Kostentr\u00e4ger zu Kostentr\u00e4ger, aber in der Regel stelle ich bei Ihrer Krankenkasse einen schriftlichen <strong>Antrag auf Psychotherapie<\/strong>. Es wird ein festes Kontingent von Therapiesitzungen beantragt, das bei Bedarf im sp\u00e4teren Verlauf per Antrag erweitert werden kann.<\/p>\n\n\n\n<p><br><br><\/p>\n\n\n\n<h2 class=\"wp-block-heading\">Kosten\u00fcbernahme<\/h2>\n\n\n\n<div id=\"wp-block-themeisle-blocks-accordion-f1ac93b2\" class=\"wp-block-themeisle-blocks-accordion exclusive\">\n<details class=\"wp-block-themeisle-blocks-accordion-item\"><summary class=\"wp-block-themeisle-blocks-accordion-item__title\"><div><strong>Privatversicherung und Beihilfe<\/strong><\/div><\/summary><div class=\"wp-block-themeisle-blocks-accordion-item__content\">\n<p class=\"has-neve-text-color-color has-text-color has-link-color wp-elements-f7d98aba8092bdd620c6cae46f7c6e52\"><strong>Private Krankenkassen<\/strong> und <strong>Beihilfen<\/strong> \u00fcbernehmen in der Regel die Kosten f\u00fcr eine ambulante Psychotherapie, jedoch in Anh\u00e4ngigkeit vom jeweils abgeschlossenen Vertrag. Bitte informieren Sie sich vorab bei Ihrem Kostentr\u00e4ger (z.B. Beihilfe, Heilf\u00fcrsorge, private Krankenversicherung), in welchem Umfang und unter welchen Voraussetzungen die Therapiekosten \u00fcbernommen werden. <\/p>\n<\/div><\/details>\n\n\n\n<details class=\"wp-block-themeisle-blocks-accordion-item\"><summary class=\"wp-block-themeisle-blocks-accordion-item__title\"><div><strong>Gesetzliche Krankenversicherung<\/strong><\/div><\/summary><div class=\"wp-block-themeisle-blocks-accordion-item__content\">\n<p>Die \u00a0Kosten f\u00fcr eine Psychotherapie in einer Privatpraxis werden von den <strong>gesetzlichen Krankenkassen<\/strong> nur in \u00a0Ausnahmef\u00e4llen \u00fcbernommen (\u00fcber das sogenannten Kostenerstattungsverfahren). Bitte \u00a0erkundigen Sie sich deshalb vorab bei Ihrer Krankenkasse, unter welchen \u00a0Voraussetzungen dies m\u00f6glich ist.<\/p>\n<\/div><\/details>\n\n\n\n<details class=\"wp-block-themeisle-blocks-accordion-item\"><summary class=\"wp-block-themeisle-blocks-accordion-item__title\"><div><strong>Selbstzahler*Innen<\/strong><\/div><\/summary><div class=\"wp-block-themeisle-blocks-accordion-item__content\">\n<p class=\"has-neve-text-color-color has-text-color has-link-color wp-elements-875243d07216975c31d50946dbb66fec\">Es besteht immer die M\u00f6glichkeit, die Behandlungskosten selbst zu tragen. Selbstzahler*Innen \u00fcbernehmen s\u00e4mtliche Honorarforderungen auf eigene Kosten. So k\u00f6nnen Sie ohne Wartezeit durch das Antragsverfahren direkt mit der Behandlung starten und die Diagnosen und Leistungen werden bei Ihrem Versicherer nicht dokumentiert.<\/p>\n<\/div><\/details>\n<\/div>\n<\/div><\/div>\n<\/div>\n<\/div>\n<\/div><\/div>\n","protected":false},"excerpt":{"rendered":"","protected":false},"author":1,"featured_media":0,"parent":0,"menu_order":0,"comment_status":"closed","ping_status":"closed","template":"","meta":{"neve_meta_sidebar":"full-width","neve_meta_container":"","neve_meta_enable_content_width":"on","neve_meta_content_width":100,"neve_meta_title_alignment":"","neve_meta_author_avatar":"","neve_post_elements_order":"","neve_meta_disable_header":"","neve_meta_disable_footer":"","neve_meta_disable_title":"on","_themeisle_gutenberg_block_has_review":false,"footnotes":""},"class_list":["post-69","page","type-page","status-publish","hentry"],"_links":{"self":[{"href":"https:\/\/praxis-dr-reiser.de\/index.php?rest_route=\/wp\/v2\/pages\/69","targetHints":{"allow":["GET"]}}],"collection":[{"href":"https:\/\/praxis-dr-reiser.de\/index.php?rest_route=\/wp\/v2\/pages"}],"about":[{"href":"https:\/\/praxis-dr-reiser.de\/index.php?rest_route=\/wp\/v2\/types\/page"}],"author":[{"embeddable":true,"href":"https:\/\/praxis-dr-reiser.de\/index.php?rest_route=\/wp\/v2\/users\/1"}],"replies":[{"embeddable":true,"href":"https:\/\/praxis-dr-reiser.de\/index.php?rest_route=%2Fwp%2Fv2%2Fcomments&post=69"}],"version-history":[{"count":27,"href":"https:\/\/praxis-dr-reiser.de\/index.php?rest_route=\/wp\/v2\/pages\/69\/revisions"}],"predecessor-version":[{"id":812,"href":"https:\/\/praxis-dr-reiser.de\/index.php?rest_route=\/wp\/v2\/pages\/69\/revisions\/812"}],"wp:attachment":[{"href":"https:\/\/praxis-dr-reiser.de\/index.php?rest_route=%2Fwp%2Fv2%2Fmedia&parent=69"}],"curies":[{"name":"wp","href":"https:\/\/api.w.org\/{rel}","templated":true}]}}